{"id":13,"date":"2018-11-11T20:59:56","date_gmt":"2018-11-11T20:59:56","guid":{"rendered":"http:\/\/supportegyesulet.hu\/index.php\/materialis\/"},"modified":"2025-11-19T10:15:18","modified_gmt":"2025-11-19T10:15:18","slug":"materialis","status":"publish","type":"page","link":"https:\/\/supportegyesulet.hu\/","title":{"rendered":"Front Page"},"content":{"rendered":"<div  data-label=\"Overlappable\" data-id=\"overlappable--1\" data-export-id=\"overlappable-5-materialis\" data-category=\"overlappable\" class=\"overlappable-5-materialis content-section content-section-spacing-large\" data-overlap=\"true\" id=\"overlappable-1\" style=\"background-color: rgb(255, 255, 255);\"><div  class=\"gridContainer\"> <div  data-type=\"row\" class=\"row spaced-cols \"><div  class=\"col-xs-12 col-sm-6 col-md-4 \"> <div  class=\"card mdc-elevation--z3 row-card\"><div  class=\"row\"> <div  class=\"col-xs-12 col-sm-fit icon-col\" data-fixed=\"true\"><i  class=\"color1 icon mdi mdi-wheelchair-accessibility reverse round big\"><\/i><\/div> <div  class=\"col-xs-12 col-sm\" data-type=\"column\"><h4  class=\"color-black\">Eg\u00e9szs\u00e9g\u00fcgyi t\u00e1mogat\u00e1s<\/h4> <p  class=\"\">Seg\u00edt\u00fcnk eligazodni az eg\u00e9szs\u00e9g\u00fcgyi ell\u00e1t\u00e1sban, t\u00e1mogat\u00e1st ny\u00fajtunk a mindennapi gondoz\u00e1sban \u00e9s az eg\u00e9szs\u00e9ges \u00e9letm\u00f3d meg\u0151rz\u00e9s\u00e9ben.Seg\u00edt\u00fcnk eligazodni az eg\u00e9szs\u00e9g\u00fcgyi ell\u00e1t\u00e1sban, t\u00e1mogat\u00e1st ny\u00fajtunk a mindennapi gondoz\u00e1sban \u00e9s az eg\u00e9szs\u00e9ges \u00e9letm\u00f3d meg\u0151rz\u00e9s\u00e9ben.<\/p><a  class=\"link\" href=\"https:\/\/supportegyesulet.hu\/index.php\/egeszsegugyi-tamogatas\" target=\"_self\" data-cp-link=\"1\">tov\u00e1bb<\/a><\/div> <\/div><\/div> <\/div> <div  class=\"col-xs-12 col-sm-6 col-md-4 \"> <div  class=\"card mdc-elevation--z3 row-card\"> <div  class=\"row\"> <div  class=\"col-xs-12 col-sm-fit icon-col\" data-fixed=\"true\"> <i  class=\"color1 icon mdi mdi-gavel reverse round big\"><\/i><\/div> <div  class=\"col-xs-12 col-sm\" data-type=\"column\"><h4  class=\"color-black\">Jogi \n<br >t\u00e1mogat\u00e1s<\/h4> <p  class=\"\">Tan\u00e1csad\u00e1ssal seg\u00edt\u00fcnk a jogi \u00fcgyekben, hogy mindenki megismerhesse jogait, \u00e9s biztons\u00e1gban, m\u00e9lt\u00f3s\u00e1ggal d\u00f6nthessen saj\u00e1t \u00e9let\u00e9r\u0151l \u00e9s j\u00f6v\u0151j\u00e9r\u0151l.Tan\u00e1csad\u00e1ssal seg\u00edt\u00fcnk a jogi \u00fcgyekben, hogy mindenki megismerhesse jogait, \u00e9s biztons\u00e1gban, m\u00e9lt\u00f3s\u00e1ggal d\u00f6nthessen saj\u00e1t \u00e9let\u00e9r\u0151l \u00e9s j\u00f6v\u0151j\u00e9r\u0151l.<\/p><a  class=\"link\" href=\"https:\/\/supportegyesulet.hu\/index.php\/jogi-tamogatas\" target=\"_self\" data-cp-link=\"1\">tov\u00e1bb<\/a><\/div> <\/div><\/div> <\/div> <div  class=\"col-xs-12 col-sm-6 col-md-4 \"> <div  class=\"card mdc-elevation--z3 row-card\"> <div  class=\"row\"> <div  class=\"col-xs-12 col-sm-fit icon-col\" data-fixed=\"true\"> <i  class=\"color1 icon mdi mdi-human-child reverse round big\"><\/i><\/div> <div  class=\"col-xs-12 col-sm\" data-type=\"column\"><h4  class=\"color-black\">Gyerekek \n<br >t\u00e1mogat\u00e1sa<\/h4> <p  class=\"\">Programjainkkal t\u00e1mogatjuk a gyermekek fejl\u0151d\u00e9s\u00e9t, oktat\u00e1s\u00e1t \u00e9s szabadid\u0151s lehet\u0151s\u00e9geit \u2013 k\u00fcl\u00f6n\u00f6sen a h\u00e1tr\u00e1nyos helyzet\u0171 csal\u00e1dokban \u00e9l\u0151ket.Programjainkkal t\u00e1mogatjuk a gyermekek fejl\u0151d\u00e9s\u00e9t, oktat\u00e1s\u00e1t \u00e9s szabadid\u0151s lehet\u0151s\u00e9geit \u2013 k\u00fcl\u00f6n\u00f6sen a h\u00e1tr\u00e1nyos helyzet\u0171 csal\u00e1dokban \u00e9l\u0151ket.<\/p><a  class=\"link\" href=\"https:\/\/supportegyesulet.hu\/index.php\/gyerekek-tamogatasa\" target=\"_self\" data-cp-link=\"1\">tov\u00e1bb<\/a><\/div> <\/div><\/div> <\/div><div  class=\"col-xs-12 col-sm-6 col-md-4\"> <div  class=\"card mdc-elevation--z3 row-card\"><div  class=\"row\"> <div  class=\"col-xs-12 col-sm-fit icon-col\" data-fixed=\"true\"><i  class=\"color1 icon mdi mdi-human-greeting reverse round big\"><\/i><\/div> <div  class=\"col-xs-12 col-sm\" data-type=\"column\"><h4  class=\"color-black\">Id\u0151sek\n<br >t\u00e1mogat\u00e1sa<\/h4> <p  class=\"\">K\u00f6z\u00f6ss\u00e9gi programjainkkal \u00e9s szem\u00e9lyes seg\u00edts\u00e9gny\u00fajt\u00e1ssal t\u00e1mogatjuk az id\u0151seket, hogy akt\u00edv, biztons\u00e1gos \u00e9s m\u00e9lt\u00f3s\u00e1gteljes \u00e9letet \u00e9lhessenek.<\/p><a  class=\"link\" href=\"https:\/\/supportegyesulet.hu\/index.php\/idosek-tamogatasa\" target=\"_self\" data-cp-link=\"1\">tov\u00e1bb<\/a><\/div> <\/div><\/div> <\/div><div  class=\"col-xs-12 col-sm-6 col-md-4\"> <div  class=\"card mdc-elevation--z3 row-card\"><div  class=\"row\"> <div  class=\"col-xs-12 col-sm-fit icon-col\" data-fixed=\"true\"><i  class=\"color1 icon mdi mdi-security-home reverse round big\"><\/i><\/div> <div  class=\"col-xs-12 col-sm\" data-type=\"column\"><h4  class=\"color-black\">Biztos\u00edt\u00e1si\n<br >t\u00e1mogat\u00e1s<\/h4> <p  class=\"\">Seg\u00edt\u00fcnk eligazodni a szoci\u00e1lis \u00e9s biztos\u00edt\u00e1si \u00fcgyint\u00e9z\u00e9sben, tan\u00e1csot adunk a jogos juttat\u00e1sok ig\u00e9nyl\u00e9s\u00e9hez \u00e9s a megfelel\u0151 megold\u00e1sok megtal\u00e1l\u00e1s\u00e1hoz.<\/p><a  class=\"link\" href=\"https:\/\/supportegyesulet.hu\/index.php\/biztositasi-tamogatas\" target=\"_self\" data-cp-link=\"1\">tov\u00e1bb<\/a><\/div> <\/div><\/div> <\/div><\/div> <\/div><\/div><div data-label=\"Features\" data-id=\"features--1\" data-export-id=\"features-16\" data-category=\"features\" class=\"features-16 content-section content-section-spacing-large\" id=\"features-3\"  style=\"background-color: rgb(245, 250, 253);\"><div class=\"gridContainer\" > <div class=\"row text-center\" ><div class=\"section-title-col\" data-type=\"column\" > <h2 class=\"\" >A few things we\u2019re great at<\/h2> <p class=\"lead\" >Lorem ipsum dolor sit amet, consectetur adipiscing elit, sed do eiusmod tempor incididunt ut labore et dolore magna aliqua. Ut enim ad minim veniam, quis nostrud exercitation. Ut enim ad minim veniam, quis nostrud exercitation.<\/p><\/div> <\/div> <div class=\"row spaced-cols\" data-type=\"row\" > <div class=\"col-xs-12 col-sm-6 col-md-4 space-bottom\" > <img decoding=\"async\" class=\"face mdc-elevation--z3\" src=\"https:\/\/supportegyesulet.hu\/wp-content\/uploads\/2025\/11\/cropped-Kep1.png\" > <div data-type=\"column\" class=\"col-padding-small col-padding-small-xs description-container\" > <h4 class=\"font-500\" >Eg\u00e9szs\u00e9g\u00fcgyi t\u00e1mogat\u00e1s<\/h4> <p class=\"\" >Lorem ipsum dolor sit amet, consectetur adipiscing elit, sed do eiusmod tempor incididunt ut labore et dolore magna aliqua. Ut enim ad minim veniam, quis nostrud exercitation.fdgdfgdfgdfgdfgdfgdfgdfgdfgfdgdffdgfdgfdgdfgdfg\n<br >dfgdfgdf<br >\n.&#8211;\n<br >&#8211;\n<br >\n<br >\n<br >\n<br >\n<br >\n<\/p> <a class=\"read-more\" >learn more<\/a><\/div> <\/div> <div class=\"col-xs-12 col-sm-6 col-md-4 space-bottom\" > <img decoding=\"async\" class=\"face mdc-elevation--z3\" src=\"https:\/\/supportegyesulet.hu\/wp-content\/uploads\/2025\/11\/cropped-seibenbalazs-1.jpg\" > <div data-type=\"column\" class=\"col-padding-small col-padding-small-xs description-container\" > <h4 class=\"font-500\" >Responsive design<\/h4> <p class=\"\" >Lorem ipsum dolor sit amet, consectetur adipiscing elit, sed do eiusmod tempor incididunt ut labore et dolore magna aliqua. Ut enim ad minim veniam, quis nostrud exercitation.<\/p> <a class=\"read-more\" >learn more<\/a><\/div> <\/div> <div class=\"col-xs-12 col-sm-6 col-md-4 space-bottom\" > <img decoding=\"async\" class=\"face mdc-elevation--z3\" src=\"https:\/\/supportegyesulet.hu\/wp-content\/uploads\/2025\/11\/cropped-240388512_245311504262007_6302764529218837161_n.jpg\" > <div data-type=\"column\" class=\"col-padding-small col-padding-small-xs description-container\" > <h4 class=\"font-500\" >Responsive design<\/h4> <p class=\"\" >Lorem ipsum dolor sit amet, consectetur adipiscing elit, sed do eiusmod tempor incididunt ut labore et dolore magna aliqua. Ut enim ad minim veniam, quis nostrud exercitation.<\/p> <a class=\"read-more\" >learn more<\/a><\/div> <\/div><\/div> <\/div><\/div><div  id=\"about-6\" style=\"background-color: #f5fafd;\" data-label=\"About\" data-id=\"about-4\" data-export-id=\"about-4\" data-category=\"about\" class=\"about-4 content-section content-section-spacing-large\">\n<div  class=\"gridContainer\">\n<div  class=\"row middle-sm text-center\">\n<div  class=\"col-sm-5 space-bottom-xs\" data-type=\"column\">\n<h2  class=\"\">Mivel\n<span  style=\"font-family: Playfair Display,sans-serif; font-weight: bold; font-style: italic;\" href=\"#\">foglalkozunk<\/span>\na mindennapokban<\/h2>\n<p  class=\"\">A Support Seg\u00edt\u0151 \u00e9s T\u00e1mogat\u00f3 Egyes\u00fclet nev\u00e9ben is foglalt els\u0151dleges c\u00e9lja, hogy az arra r\u00e1szorul\u00f3kat a k\u00f6z\u00f6ss\u00e9g erej\u00e9vel seg\u00edtse, ennek sor\u00e1n t\u00e1maszt ny\u00fajtson mindennapi \u00e9let\u00fck sor\u00e1n a h\u00e1tr\u00e1nyos helyzet\u0171ek, p\u00e9ld\u00e1ul mozg\u00e1skorl\u00e1tozottak sz\u00e1m\u00e1ra a teljes \u00e9rt\u00e9k\u0171 \u00e9let meg\u00e9l\u00e9shez. M\u00e1sodlagos c\u00e9lja tov\u00e1bb\u00e1, hogy a fiatalokat megismertesse a k\u00f6rnyezet- \u00e9s term\u00e9szetv\u00e9delem fontoss\u00e1g\u00e1val a mozg\u00e1s \u00e9s a kult\u00fara \u00f6r\u00f6meivel, valamint valamennyi ember \u00e1ldozatt\u00e1 v\u00e1l\u00e1s\u00e1t megakad\u00e1lyozza.<\/p>\n\n<\/div>\n<div  class=\"col-sm-7 flexbox center-xs middle-xs image-group-2-img padding-top-bottom\"><img  decoding=\"async\" class=\"img-1 rounded mdc-elevation--z10\" data-size=\"250x200\" src=\"http:\/\/supportegyesulet.hu\/wp-content\/plugins\/materialis-companion\/theme-data\/materialis\/sections\/images\/apple-1838564.jpg\"> <img  decoding=\"async\" class=\"img-2 rounded mdc-elevation--z10\" data-size=\"220x170\" src=\"http:\/\/supportegyesulet.hu\/wp-content\/plugins\/materialis-companion\/theme-data\/materialis\/sections\/images\/computer-2569652.jpg\"><\/div>\n<\/div>\n<\/div>\n<\/div><!-- CloudPress Companion Preview Data START --><div  id=\"features-2\" style=\"background-color: #ffffff;\" data-label=\"Features\" data-id=\"features-10-materialis\" data-export-id=\"features-10-materialis\" data-category=\"features\" class=\"features-10m content-section-spacing-large content-section\">\n<div  class=\"gridContainer\">\n<div  class=\"row\">\n<div  class=\"section-title-col\" data-type=\"column\">\n<h2  class=\"\">Az \u00e1ltalunk kiel\u00e9g\u00edtett t\u00e1rsadalmi sz\u00fcks\u00e9gletek<\/h2>\n<p  class=\"\">Ezen t\u00e1rsadalmi szempontb\u00f3l hasznos tev\u00e9kenys\u00e9geinket szeretn\u00e9nk a j\u00f6v\u0151ben m\u00e9g magasabb szintre emelni.<\/p>\n\n<\/div>\n<\/div>\n<div  class=\"row \">\n<div  class=\"col-md-10 col-md-offset-1 \">\n<div  class=\"row space-top spaced-cols content-center-sm\" data-type=\"row\">\n<div  class=\"col-md-4 col-sm-6 col-sm-offset-0 col-xs-10 col-xs-offset-1\">\n<div  class=\"card no-radius mdc-elevation--z1 y-move bg-color-white padding-24 bordered\" data-type=\"column\">\n\n<i  class=\"mdi icon mdi-database big round reverse color1\"><\/i>\n<h6  class=\"\">Tan\u00e1csad\u00f3 rendezv\u00e9nyek tart\u00e1sa t\u00f6bb mint 180 r\u00e1szorul\u00f3 feln\u0151tt \u00e9s id\u0151s ember sz\u00e1m\u00e1ra, ez\u00e1ltal h\u00e1tr\u00e1nyos helyzet\u0171ek seg\u00edt\u00e9se.\n<br >\n<br >\n<br >\n<br >\n<br >\n<\/h6>\n<\/div>\n<\/div>\n<div  class=\"col-md-4 col-sm-6 col-sm-offset-0 col-xs-10 col-xs-offset-1\">\n<div  class=\"card no-radius mdc-elevation--z1 y-move bg-color-white padding-24 bordered\" data-type=\"column\">\n\n<i  class=\"mdi icon mdi-database big round reverse color1\"><\/i>\n<h6  class=\"\">Sz\u00f3rakoztat\u00f3 csal\u00e1di m\u0171sor megtart\u00e1sa gyermekkor\u00fa szerepl\u0151k k\u00f6zrem\u0171k\u00f6d\u00e9s\u00e9vel \u2013 \u00f3vod\u00e1st\u00f3l k\u00f6z\u00e9piskol\u00e1s korig. C\u00e9lunk ezzel a fiatalok \u00e9s sz\u00fcleik kultur\u00e1lis ig\u00e9nyeinek teljes\u00edt\u00e9se.\n<br >\n<br >\n<br >\n<br >\n<\/h6>\n<\/div>\n<\/div>\n<div  class=\"col-md-4 col-sm-6 col-sm-offset-0 col-xs-10 col-xs-offset-1\">\n<div  class=\"card no-radius mdc-elevation--z1 y-move bg-color-white padding-24 bordered\" data-type=\"column\">\n\n<i  class=\"mdi icon mdi-database big round reverse color1\"><\/i>\n<h6  class=\"\">\u201eSupport\u201d akci\u00f3 keret\u00e9n bel\u00fcl r\u00e1szorul\u00f3k felkeres\u00e9se adom\u00e1nyoz\u00e1si c\u00e9llal. A helyi csal\u00e1dseg\u00edt\u0151 k\u00f6zpont \u00e9s az egyh\u00e1zak \u00fatmutat\u00e1sa alapj\u00e1n h\u00e1zhoz vissz\u00fck a felaj\u00e1nl\u00e1sokat ezzel komoly pozit\u00edv hat\u00e1st gyakorolva a neh\u00e9z sors\u00fa emberek \u00e9let\u00e9re, lelki \u00e1llapot\u00e1ra.<\/h6>\n<\/div>\n<\/div>\n<div  class=\"col-md-4 col-sm-6 col-sm-offset-0 col-xs-10 col-xs-offset-1\">\n<div  class=\"card no-radius mdc-elevation--z1 y-move bg-color-white padding-24 bordered\" data-type=\"column\">\n\n<i  class=\"mdi icon mdi-database big round reverse color1\"><\/i>\n<h6  class=\"\">K\u00f6z\u00f6ss\u00e9gi programok szervez\u00e9se az el\u0151ad\u00e1sok ut\u00e1n ez \u00e1ltal nem csak oktat\u00e1s, hanem k\u00f6z\u00f6ss\u00e9g\u00e9p\u00edt\u00e9s megval\u00f3s\u00edt\u00e1sa is.\n<br >\n<br >\n<br >\n<br >\n<br >\n<br >\n<br >\n<br >\n<\/h6>\n<\/div>\n<\/div>\n<div  class=\"col-md-4 col-sm-6 col-sm-offset-0 col-xs-10 col-xs-offset-1\">\n<div  class=\"card no-radius mdc-elevation--z1 y-move bg-color-white padding-24 bordered\" data-type=\"column\">\n\n<i  class=\"mdi icon mdi-database big round reverse color1\"><\/i>\n<h6  class=\"\">Mozg\u00e1ss\u00e9r\u00fclt embert\u00e1rsaink felkeres\u00e9se. Ezzel a nem els\u0151sorban anyagi, hanem a fizikailag, h\u00e1tr\u00e1nyos helyzet\u0171 emberek, gyermekek t\u00e1mogat\u00e1sa val\u00f3sul meg .\n<br >\n<br >\n<br >\n<br >\n<br >\n<br >\n<br >\n<\/h6>\n<\/div>\n<\/div>\n<div  class=\"col-md-4 col-sm-6 col-sm-offset-0 col-xs-10 col-xs-offset-1\">\n<div  class=\"card no-radius mdc-elevation--z1 y-move bg-color-white padding-24 bordered\" data-type=\"column\">\n\n<i  class=\"mdi icon mdi-database big round reverse color1\"><\/i>\n<h6  class=\"\">Minden Szeptember elej\u00e9n iskolakezd\u00e9si t\u00e1mogat\u00e1st kapnak a nagycsal\u00e1dosok \u00e9s a szeg\u00e9nysorban \u00e9l\u0151 sz\u00fcl\u0151k gyermekei. Az aj\u00e1nd\u00e9kutalv\u00e1nyt f\u00fczetcsomagok, \u00edr\u00f3szerek v\u00e1s\u00e1rl\u00e1s\u00e1ra haszn\u00e1lhatj\u00e1k fel, ezzel a neh\u00e9z sors\u00fa fiatals\u00e1g inform\u00e1ci\u00f3s \u00e9s tud\u00e1ssz\u00fcks\u00e9glet\u00e9t valami tehets\u00e9ggondoz\u00e1s\u00e1t k\u00edv\u00e1njuk megoldani.<\/h6>\n<\/div>\n<\/div>\n<div  class=\"col-md-4 col-sm-6 col-sm-offset-0 col-xs-10 col-xs-offset-1\">\n<div  class=\"card no-radius mdc-elevation--z1 y-move bg-color-white padding-24 bordered\" data-type=\"column\">\n\n<i  class=\"mdi icon mdi-database big round reverse color1\"><\/i>\n<h6  class=\"\">\u201eSenior-Support\u201d nev\u0171 napjainkon speci\u00e1lisan id\u0151seknek szervezett oktat\u00e1si, jogi seg\u00edts\u00e9gny\u00fajt\u00e1si \u00e9s egy\u00e9b t\u00e1mogat\u00e1si el\u0151ad\u00e1sok-tal\u00e1lkoz\u00f3k megtart\u00e1s\u00e1val szoci\u00e1lis t\u00e1rsadalmi sz\u00fcks\u00e9gletek kiel\u00e9g\u00edt\u00e9se.<\/h6>\n<\/div>\n<\/div>\n<div  class=\"col-md-4 col-sm-6 col-sm-offset-0 col-xs-10 col-xs-offset-1\">\n<div  class=\"card no-radius mdc-elevation--z1 y-move bg-color-white padding-24 bordered\" data-type=\"column\">\n\n<i  class=\"mdi icon mdi-database big round reverse color1\"><\/i>\n<h6  class=\"\">T\u00e1rsas\u00e1gi sz\u00fcks\u00e9gletek kiel\u00e9g\u00edt\u00e9se ny\u00edlt ingyenes programok, k\u00f6z\u00f6ss\u00e9gi tal\u00e1lkoz\u00f3k szervez\u00e9se \u00e1ltal.\n<br >\n<br >\n<br >\n<br >\n<br >\n<\/h6>\n<\/div>\n<\/div>\n<div  class=\"col-md-4 col-sm-6 col-sm-offset-0 col-xs-10 col-xs-offset-1\">\n<div  class=\"card no-radius mdc-elevation--z1 y-move bg-color-white padding-24 bordered\" data-type=\"column\">\n\n<i  class=\"mdi icon mdi-database big round reverse color1\"><\/i>\n<h6  class=\"\">\u00c9vente t\u00f6bb szem\u00e9tszed\u00e9si akci\u00f3 szervez\u00e9se csal\u00e1doknak a k\u00f6rnyezetv\u00e9delem \u00e9s a k\u00f6rnyezettudatos nevel\u00e9s jegy\u00e9ben.\n<br >\n<br >\n<br >\n<br >\n<\/h6>\n<\/div>\n<\/div>\n<\/div>\n<\/div>\n<\/div>\n<\/div>\n<\/div><div  id=\"content-24\" style=\"background-color: #f5fafd;\" data-label=\"Content\" data-id=\"content-7-materialis\" data-export-id=\"content-7-materialis\" data-category=\"content\" class=\"content-7m content-section-spacing-large content-section\">\n<div  class=\"gridContainer\">\n<div  class=\"row middle-sm\">\n<div  class=\"col-md-6 col-xs-12 col-sm-6 col-padding-small-xs\"><img  decoding=\"async\" class=\"mdc-elevation--z13 img-rounded\" src=\"http:\/\/supportegyesulet.hu\/wp-content\/plugins\/materialis-companion\/theme-data\/materialis\/sections\/images\/image-6.jpg\"><\/div>\n<div  class=\"col-md-5 col-md-offset-1 col-xs-12 col-sm-6 content-left-sm col-padding-small-xs\" data-type=\"column\">\n<h3  class=\"space-bottom\">Az egyes\u00fclet c\u00e9lja el\u00e9r\u00e9se sor\u00e1n szolg\u00e1ltat\u00e1sait az al\u00e1bbi \u00e9rt\u00e9kek, etikai \u00e9s szakmai norm\u00e1k szem el\u0151tt tart\u00e1s\u00e1val ny\u00fajtja:<\/h3>\n<p  class=\"space-top\">A szeg\u00e9nyek, illetve a sz\u00fcks\u00e9gben szenved\u0151k szolg\u00e1lata, \u00e9s az ir\u00e1ntuk val\u00f3 elk\u00f6telezetts\u00e9g; Diszkrimin\u00e1ci\u00f3 mentess\u00e9g biztos\u00edt\u00e1sa fajra, b\u0151rsz\u00ednre, nyelvre, vall\u00e1sra, nemre, politikai vagy m\u00e1s meggy\u0151z\u0151d\u00e9sre vonatkoz\u00f3an; Az \u00e9letvitel megv\u00e1laszt\u00e1s\u00e1nak szabad lehet\u0151s\u00e9ge. E szabads\u00e1g addig terjedhet, am\u00edg az m\u00e1s emberek szabads\u00e1g\u00e1t nem s\u00e9rti; Az emberi \u00e9rt\u00e9kek elfogad\u00e1sa, az emberi m\u00e9lt\u00f3s\u00e1g tiszteletben tart\u00e1sa; A seg\u00edts\u00e9get ig\u00e9nyl\u0151 emberek felt\u00e9tel n\u00e9lk\u00fcli elfogad\u00e1sa; A szolg\u00e1ltat\u00e1sokat ig\u00e9nyl\u0151k v\u00e1laszt\u00e1si szabads\u00e1ga a probl\u00e9ma megold\u00e1si alternat\u00edv\u00e1k k\u00f6z\u00fcl; A seg\u00edtettek felel\u0151ss\u00e9ge d\u00f6nt\u00e9seik\u00e9rt, cselekedeteik\u00e9rt; A seg\u00edtettek adatainak titkos kezel\u00e9se.<\/p>\n\n<\/div>\n<\/div>\n<\/div>\n<\/div><div  data-label=\"Content\" data-id=\"content--NaN\" data-export-id=\"content-5-materialis\" data-category=\"content\" class=\"content-5m content-section-spacing-large content-section\" id=\"content-26\" style=\"background-color: #f5fafd;\">\n<div  class=\"gridContainer\">\n<div  class=\"row\">\n<div  class=\"col-sm-8 col-sm-offset-2 space-bottom text-center col-padding-small-xs\" data-type=\"column\"><img  decoding=\"async\" class=\"mdc-elevation--z13 rounded\" src=\"http:\/\/supportegyesulet.hu\/wp-content\/uploads\/2022\/03\/nea-image1.png\"><\/div>\n<div  class=\"text-center large\" data-type=\"column\"><\/div>\n<\/div>\n<\/div>\n<\/div><div  data-label=\"Contact\" data-id=\"contact--1\" data-export-id=\"contact-1\" data-category=\"contact\" class=\"contact-1 content-section content-section-spacing-large content-relative white-text\" data-parallax-depth=\"20\" id=\"contact-1\" style=\"background-color: #ffffff;\">\n<div  class=\"gridContainer\">\n<div  class=\"row text-center\">\n<div  class=\"section-title-col\" data-type=\"column\">\n<h2  class=\"\">Vegy\u00fck fel a kapcsolatot<\/h2>\n<p  class=\"lead\">K\u00e1rp\u00e1ti Gy\u00f6rgy | Tel.: 06\/20-433-2714 | E-mail: gyuri@karpatigy.hu<\/p>\n\n<\/div>\n<\/div>\n<\/div>\n<\/div>","protected":false},"excerpt":{"rendered":"","protected":false},"author":1,"featured_media":0,"parent":0,"menu_order":0,"comment_status":"closed","ping_status":"closed","template":"page-templates\/homepage.php","meta":{"footnotes":""},"class_list":["post-13","page","type-page","status-publish","hentry"],"_links":{"self":[{"href":"https:\/\/supportegyesulet.hu\/index.php\/wp-json\/wp\/v2\/pages\/13","targetHints":{"allow":["GET"]}}],"collection":[{"href":"https:\/\/supportegyesulet.hu\/index.php\/wp-json\/wp\/v2\/pages"}],"about":[{"href":"https:\/\/supportegyesulet.hu\/index.php\/wp-json\/wp\/v2\/types\/page"}],"author":[{"embeddable":true,"href":"https:\/\/supportegyesulet.hu\/index.php\/wp-json\/wp\/v2\/users\/1"}],"replies":[{"embeddable":true,"href":"https:\/\/supportegyesulet.hu\/index.php\/wp-json\/wp\/v2\/comments?post=13"}],"version-history":[{"count":24,"href":"https:\/\/supportegyesulet.hu\/index.php\/wp-json\/wp\/v2\/pages\/13\/revisions"}],"predecessor-version":[{"id":118,"href":"https:\/\/supportegyesulet.hu\/index.php\/wp-json\/wp\/v2\/pages\/13\/revisions\/118"}],"wp:attachment":[{"href":"https:\/\/supportegyesulet.hu\/index.php\/wp-json\/wp\/v2\/media?parent=13"}],"curies":[{"name":"wp","href":"https:\/\/api.w.org\/{rel}","templated":true}]}}